{"id":2247,"date":"2013-08-10T10:15:29","date_gmt":"2023-05-17T05:17:27","guid":{"rendered":"https:\/\/thuysantoancau.com\/?post_type=product&#038;p=2247"},"modified":"2023-05-17T12:17:45","modified_gmt":"2023-05-17T05:17:45","slug":"maxlive-san-pham-sieu-bo-gan-va-giai-doc-gan","status":"publish","type":"product","link":"https:\/\/thuysantoancau.com\/en\/san-pham\/maxlive-san-pham-sieu-bo-gan-va-giai-doc-gan\/","title":{"rendered":"MAXLIVE (S\u1ea3n ph\u1ea9m si\u00eau b\u1ed5 gan v\u00e0 gi\u1ea3i \u0111\u1ed9c gan)"},"content":{"rendered":"<p style=\"text-align: center;\"><strong>MAX-LIVER<\/strong><\/p>\n<h3><strong><u>TH\u00c0NH PH\u1ea6N:<\/u><\/strong><\/h3>\n<p>&#8211; Vitamin A \u2026\u2026\u2026\u2026\u2026.500,000IU\u00a0\u00a0\u00a0\u00a0\u00a0\u00a0\u00a0\u00a0\u00a0\u00a0\u00a0\u00a0\u00a0\u00a0\u00a0\u00a0\u00a0 &#8211; Vitamin D\u2026\u2026\u2026..100,000IU<\/p>\n<p>&#8211; Sodium chlrine\u2026\u2026\u2026\u2026\u2026\u2026.25g.\u00a0\u00a0\u00a0\u00a0\u00a0\u00a0\u00a0\u00a0\u00a0\u00a0\u00a0\u00a0\u00a0\u00a0\u00a0\u00a0\u00a0 &#8211; Vitamine E\u2026\u2026\u2026..\u2026\u2026.\u2026\u2026.0,90g<\/p>\n<p>&#8211; Vitamin K3\u2026\u2026\u2026\u2026\u2026\u2026\u2026.0.50g\u00a0\u00a0\u00a0\u00a0\u00a0\u00a0\u00a0\u00a0\u00a0\u00a0\u00a0\u00a0\u00a0\u00a0\u00a0\u00a0\u00a0 &#8211; Choline \u2026\u2026\u2026\u2026\u2026.\u2026\u2026\u2026\u2026..9g<\/p>\n<p>&#8211; Vitamine B1\u2026\u2026\u2026\u2026\u2026\u2026..10.00g\u00a0\u00a0\u00a0\u00a0\u00a0\u00a0\u00a0\u00a0\u00a0\u00a0\u00a0\u00a0\u00a0\u00a0\u00a0\u00a0 &#8211; Vitamin B2\u2026\u2026\u2026\u2026\u2026\u2026\u2026..8.00g<\/p>\n<p>&#8211; Pantothenic acid\u2026\u2026\u2026\u2026\u2026.0,06g\u00a0\u00a0\u00a0\u00a0\u00a0\u00a0\u00a0\u00a0\u00a0\u00a0\u00a0\u00a0\u00a0\u00a0\u00a0\u00a0\u00a0\u00a0 &#8211; Nicotinic acid\u2026\u2026\u2026\u2026\u2026\u2026\u20263.96g<\/p>\n<p>&#8211; Glucan-mangnan\u2026\u2026\u2026\u2026\u2026..10g\u00a0\u00a0\u00a0\u00a0\u00a0\u00a0\u00a0\u00a0\u00a0\u00a0\u00a0\u00a0\u00a0\u00a0\u00a0\u00a0\u00a0\u00a0 &#8211; Potassium\u2026\u2026\u2026\u2026..\u2026\u2026\u2026\u20264,6g<\/p>\n<p><strong><u>C\u00d4NG D\u1ee4NG:<\/u><\/strong><\/p>\n<p>* S\u1ea3n ph\u1ea9m si\u00eau b\u1ed5 gan chuy\u00ean d\u00f9ng \u0111\u1ec3 ph\u00f2ng v\u00e0 tr\u1ecb c\u00e1c b\u1ec7nh v\u1ec1 gan nh\u01b0: Gan teo, gan b\u1ecb s\u01b0ng, gan b\u1ecb tr\u1eafng, gan b\u1ecb v\u00e0ng,\u2026<\/p>\n<p>* Chuy\u00ean gi\u1ea3i \u0111\u1ed9c gan, gi\u00fap gan th\u1eadn t\u00f4m, c\u00e1 ho\u1ea1t \u0111\u1ed9ng t\u1ed1t h\u01a1n v\u00e0 lo\u1ea1i th\u1ea3i c\u00e1c ch\u1ea5t \u0111\u1ed9c t\u1ed3n \u0111\u1ecdng trong gan th\u1eadn c\u00e1, t\u00f4m.<\/p>\n<p>* \u0110\u1eb7c bi\u1ec7t r\u1ea5t c\u1ea7n thi\u1ebft sau khi t\u00f4m, c\u00e1 s\u1eed d\u1ee5ng kh\u00e1ng sinh.<\/p>\n<p>* Cung c\u1ea5p c\u00e1c vitamin v\u00e0 amino acid c\u1ea7n thi\u1ebft cho t\u00f4m, c\u00e1.<\/p>\n<p><strong><u>C\u00c1CH S\u1eec D\u1ee4NG:<\/u><\/strong><\/p>\n<p>* Tr\u1ed9n \u0111\u1ec1u v\u00e0o th\u1ee9c \u0103n theo li\u1ec1u l\u01b0\u1ee3ng nh\u01b0 sau.<\/p>\n<p>Li\u1ec1u ph\u00f2ng: 3-5g\/kg th\u1ee9c \u0103n, cho \u0103n l\u1ea7n\/ ng\u00e0y v\u00e0 cho \u0103n trong su\u1ed1t v\u1ee5 nu\u00f4i.<\/p>\n<p>Li\u1ec1u tr\u1ecb: 5-10g\/kg th\u1ee9c \u0103n cho \u0103n t\u1eeb 5 -7 ng\u00e0y li\u00ean t\u1ee5c.<\/p>\n<p><strong><u>QUY C\u00c1CH:<\/u><\/strong>\u00a0 500gam\/chai<\/p>\n<p>Ch\u00fa \u00fd: Li\u1ec1u l\u01b0\u1ee3ng s\u1eed d\u1ee5ng c\u00f3 th\u1ec3 thay \u0111\u1ed5i theo h\u00ecnh tr\u1ea1ng th\u1ef1c t\u1ebf c\u1ee7a ao nu\u00f4i.<\/p>\n<p><strong><u>H\u01af\u1edaNG D\u1eaaN B\u1ea2O QU\u1ea2N:<\/u><\/strong><\/p>\n<p>\u0110\u1ec3 n\u01a1i kh\u00f4 r\u00e1o tho\u00e1ng m\u00e1t, tr\u00e1nh \u00e1nh s\u00e1ng tr\u1ef1c ti\u1ebfp.<\/p>\n","protected":false},"excerpt":{"rendered":"<p><strong>S\u1ea3n ph\u1ea9m si\u00eau b\u1ed5 gan, gi\u1ea3i \u0111\u1ed9c gan<\/strong><\/p>\n","protected":false},"featured_media":2687,"comment_status":"open","ping_status":"closed","template":"","meta":[],"product_cat":[121],"product_tag":[],"yoast_head":"<!-- This site is optimized with the Yoast SEO Premium plugin v18.1 (Yoast SEO v20.5) - https:\/\/yoast.com\/wordpress\/plugins\/seo\/ -->\n<title>MAXLIVE (S\u1ea3n ph\u1ea9m si\u00eau b\u1ed5 gan v\u00e0 gi\u1ea3i \u0111\u1ed9c gan) - Th\u1ee7y S\u1ea3n To\u00e0n C\u1ea7u<\/title>\n<meta name=\"robots\" content=\"index, follow, max-snippet:-1, max-image-preview:large, max-video-preview:-1\" \/>\n<link rel=\"canonical\" href=\"https:\/\/thuysantoancau.com\/en\/san-pham\/maxlive-san-pham-sieu-bo-gan-va-giai-doc-gan\/\" \/>\n<meta property=\"og:locale\" content=\"en_US\" \/>\n<meta property=\"og:type\" content=\"article\" \/>\n<meta property=\"og:title\" content=\"MAXLIVE (S\u1ea3n ph\u1ea9m si\u00eau b\u1ed5 gan v\u00e0 gi\u1ea3i \u0111\u1ed9c gan)\" \/>\n<meta property=\"og:description\" content=\"S\u1ea3n ph\u1ea9m si\u00eau b\u1ed5 gan, gi\u1ea3i \u0111\u1ed9c gan\" \/>\n<meta property=\"og:url\" content=\"https:\/\/thuysantoancau.com\/en\/san-pham\/maxlive-san-pham-sieu-bo-gan-va-giai-doc-gan\/\" \/>\n<meta property=\"og:site_name\" content=\"Th\u1ee7y S\u1ea3n To\u00e0n C\u1ea7u\" \/>\n<meta property=\"article:modified_time\" content=\"2023-05-17T05:17:45+00:00\" \/>\n<meta property=\"og:image\" content=\"https:\/\/thuysantoancau.com\/wp-content\/uploads\/2013\/08\/MAX-LIVE.png\" \/>\n\t<meta property=\"og:image:width\" content=\"232\" \/>\n\t<meta property=\"og:image:height\" content=\"529\" \/>\n\t<meta property=\"og:image:type\" content=\"image\/png\" \/>\n<meta name=\"twitter:card\" content=\"summary_large_image\" \/>\n<meta name=\"twitter:label1\" content=\"Est. reading time\" \/>\n\t<meta name=\"twitter:data1\" content=\"2 minutes\" \/>\n<script type=\"application\/ld+json\" class=\"yoast-schema-graph\">{\"@context\":\"https:\/\/schema.org\",\"@graph\":[{\"@type\":\"WebPage\",\"@id\":\"https:\/\/thuysantoancau.com\/en\/san-pham\/maxlive-san-pham-sieu-bo-gan-va-giai-doc-gan\/\",\"url\":\"https:\/\/thuysantoancau.com\/en\/san-pham\/maxlive-san-pham-sieu-bo-gan-va-giai-doc-gan\/\",\"name\":\"MAXLIVE (S\u1ea3n ph\u1ea9m si\u00eau b\u1ed5 gan v\u00e0 gi\u1ea3i \u0111\u1ed9c gan) - Th\u1ee7y S\u1ea3n To\u00e0n C\u1ea7u\",\"isPartOf\":{\"@id\":\"https:\/\/thuysantoancau.com\/#website\"},\"datePublished\":\"2023-05-17T05:17:27+00:00\",\"dateModified\":\"2023-05-17T05:17:45+00:00\",\"breadcrumb\":{\"@id\":\"https:\/\/thuysantoancau.com\/en\/san-pham\/maxlive-san-pham-sieu-bo-gan-va-giai-doc-gan\/#breadcrumb\"},\"inLanguage\":\"en-US\",\"potentialAction\":[{\"@type\":\"ReadAction\",\"target\":[\"https:\/\/thuysantoancau.com\/en\/san-pham\/maxlive-san-pham-sieu-bo-gan-va-giai-doc-gan\/\"]}]},{\"@type\":\"BreadcrumbList\",\"@id\":\"https:\/\/thuysantoancau.com\/en\/san-pham\/maxlive-san-pham-sieu-bo-gan-va-giai-doc-gan\/#breadcrumb\",\"itemListElement\":[{\"@type\":\"ListItem\",\"position\":1,\"name\":\"Home\",\"item\":\"https:\/\/thuysantoancau.com\/en\/\"},{\"@type\":\"ListItem\",\"position\":2,\"name\":\"Product\",\"item\":\"https:\/\/thuysantoancau.com\/en\/product\/\"},{\"@type\":\"ListItem\",\"position\":3,\"name\":\"MAXLIVE (S\u1ea3n ph\u1ea9m si\u00eau b\u1ed5 gan v\u00e0 gi\u1ea3i \u0111\u1ed9c gan)\"}]},{\"@type\":\"WebSite\",\"@id\":\"https:\/\/thuysantoancau.com\/#website\",\"url\":\"https:\/\/thuysantoancau.com\/\",\"name\":\"Th\u1ee7y S\u1ea3n To\u00e0n C\u1ea7u\",\"description\":\"\",\"potentialAction\":[{\"@type\":\"SearchAction\",\"target\":{\"@type\":\"EntryPoint\",\"urlTemplate\":\"https:\/\/thuysantoancau.com\/?s={search_term_string}\"},\"query-input\":\"required name=search_term_string\"}],\"inLanguage\":\"en-US\"}]}<\/script>\n<!-- \/ Yoast SEO Premium plugin. -->","yoast_head_json":{"title":"MAXLIVE (S\u1ea3n ph\u1ea9m si\u00eau b\u1ed5 gan v\u00e0 gi\u1ea3i \u0111\u1ed9c gan) - Th\u1ee7y S\u1ea3n To\u00e0n C\u1ea7u","robots":{"index":"index","follow":"follow","max-snippet":"max-snippet:-1","max-image-preview":"max-image-preview:large","max-video-preview":"max-video-preview:-1"},"canonical":"https:\/\/thuysantoancau.com\/en\/san-pham\/maxlive-san-pham-sieu-bo-gan-va-giai-doc-gan\/","og_locale":"en_US","og_type":"article","og_title":"MAXLIVE (S\u1ea3n ph\u1ea9m si\u00eau b\u1ed5 gan v\u00e0 gi\u1ea3i \u0111\u1ed9c gan)","og_description":"S\u1ea3n ph\u1ea9m si\u00eau b\u1ed5 gan, gi\u1ea3i \u0111\u1ed9c gan","og_url":"https:\/\/thuysantoancau.com\/en\/san-pham\/maxlive-san-pham-sieu-bo-gan-va-giai-doc-gan\/","og_site_name":"Th\u1ee7y S\u1ea3n To\u00e0n C\u1ea7u","article_modified_time":"2023-05-17T05:17:45+00:00","og_image":[{"width":232,"height":529,"url":"https:\/\/thuysantoancau.com\/wp-content\/uploads\/2013\/08\/MAX-LIVE.png","type":"image\/png"}],"twitter_card":"summary_large_image","twitter_misc":{"Est. reading time":"2 minutes"},"schema":{"@context":"https:\/\/schema.org","@graph":[{"@type":"WebPage","@id":"https:\/\/thuysantoancau.com\/en\/san-pham\/maxlive-san-pham-sieu-bo-gan-va-giai-doc-gan\/","url":"https:\/\/thuysantoancau.com\/en\/san-pham\/maxlive-san-pham-sieu-bo-gan-va-giai-doc-gan\/","name":"MAXLIVE (S\u1ea3n ph\u1ea9m si\u00eau b\u1ed5 gan v\u00e0 gi\u1ea3i \u0111\u1ed9c gan) - Th\u1ee7y S\u1ea3n To\u00e0n C\u1ea7u","isPartOf":{"@id":"https:\/\/thuysantoancau.com\/#website"},"datePublished":"2023-05-17T05:17:27+00:00","dateModified":"2023-05-17T05:17:45+00:00","breadcrumb":{"@id":"https:\/\/thuysantoancau.com\/en\/san-pham\/maxlive-san-pham-sieu-bo-gan-va-giai-doc-gan\/#breadcrumb"},"inLanguage":"en-US","potentialAction":[{"@type":"ReadAction","target":["https:\/\/thuysantoancau.com\/en\/san-pham\/maxlive-san-pham-sieu-bo-gan-va-giai-doc-gan\/"]}]},{"@type":"BreadcrumbList","@id":"https:\/\/thuysantoancau.com\/en\/san-pham\/maxlive-san-pham-sieu-bo-gan-va-giai-doc-gan\/#breadcrumb","itemListElement":[{"@type":"ListItem","position":1,"name":"Home","item":"https:\/\/thuysantoancau.com\/en\/"},{"@type":"ListItem","position":2,"name":"Product","item":"https:\/\/thuysantoancau.com\/en\/product\/"},{"@type":"ListItem","position":3,"name":"MAXLIVE (S\u1ea3n ph\u1ea9m si\u00eau b\u1ed5 gan v\u00e0 gi\u1ea3i \u0111\u1ed9c gan)"}]},{"@type":"WebSite","@id":"https:\/\/thuysantoancau.com\/#website","url":"https:\/\/thuysantoancau.com\/","name":"Th\u1ee7y S\u1ea3n To\u00e0n C\u1ea7u","description":"","potentialAction":[{"@type":"SearchAction","target":{"@type":"EntryPoint","urlTemplate":"https:\/\/thuysantoancau.com\/?s={search_term_string}"},"query-input":"required name=search_term_string"}],"inLanguage":"en-US"}]}},"_links":{"self":[{"href":"https:\/\/thuysantoancau.com\/en\/wp-json\/wp\/v3\/product\/2247"}],"collection":[{"href":"https:\/\/thuysantoancau.com\/en\/wp-json\/wp\/v3\/product"}],"about":[{"href":"https:\/\/thuysantoancau.com\/en\/wp-json\/wp\/v2\/types\/product"}],"replies":[{"embeddable":true,"href":"https:\/\/thuysantoancau.com\/en\/wp-json\/wp\/v2\/comments?post=2247"}],"wp:featuredmedia":[{"embeddable":true,"href":"https:\/\/thuysantoancau.com\/en\/wp-json\/wp\/v2\/media\/2687"}],"wp:attachment":[{"href":"https:\/\/thuysantoancau.com\/en\/wp-json\/wp\/v2\/media?parent=2247"}],"wp:term":[{"taxonomy":"product_cat","embeddable":true,"href":"https:\/\/thuysantoancau.com\/en\/wp-json\/wp\/v2\/product_cat?post=2247"},{"taxonomy":"product_tag","embeddable":true,"href":"https:\/\/thuysantoancau.com\/en\/wp-json\/wp\/v2\/product_tag?post=2247"}],"curies":[{"name":"wp","href":"https:\/\/api.w.org\/{rel}","templated":true}]}}